{"id":92,"date":"2009-06-18T18:17:06","date_gmt":"2009-06-18T16:17:06","guid":{"rendered":"http:\/\/www.vkbohemians.cz\/?page_id=92"},"modified":"2026-04-16T10:45:56","modified_gmt":"2026-04-16T08:45:56","slug":"kontakt","status":"publish","type":"page","link":"https:\/\/www.vkbohemians.cz\/?page_id=92","title":{"rendered":"Kontakt"},"content":{"rendered":"<p>Telefon na tren\u00e9ry:<\/p>\n<p style=\"padding-left: 40px;\"><strong>603 331 769 &#8211; Petr \u0160kvor<\/strong> &#8211; \u0161\u00e9ftren\u00e9r (kategorie junio\u0159i a dosp\u011bl\u00ed)<\/p>\n<p style=\"padding-left: 40px;\"><strong>728 256 546 &#8211; Kl\u00e1ra Plichtov\u00e1<\/strong> &#8211; tren\u00e9rka \u017eactva&nbsp;&nbsp;<\/p>\n<p>&nbsp;&nbsp;&nbsp;&nbsp;&nbsp;&nbsp;&nbsp;&nbsp; <strong>733 647 330 &#8211; Tereza \u0160kvorov\u00e1&nbsp;&#8211;<\/strong> tren\u00e9rka \u017eactva<\/p>\n<p style=\"padding-left: 40px;\"><strong>776 069 928 &#8211; Jan Chl\u00e1dek<\/strong> &#8211; tren\u00e9r dorostenc\u016f<\/p>\n<p>&nbsp;&nbsp;&nbsp;&nbsp;&nbsp;&nbsp;&nbsp;&nbsp; <strong>731 049 913 &#8211; Daniel Chalupa<\/strong> &#8211; tren\u00e9r dorostenc\u016f<\/p>\n<p style=\"padding-left: 40px;\"><strong>774 960 428 &#8211; Jaroslav Hellebrand<\/strong> &#8211; tren\u00e9r dorostenek a juniorek<\/p>\n<p style=\"padding-left: 40px;\"><strong>608 915 321 &#8211; Hugo Kleibl &#8211;<\/strong> tren\u00e9r \u017eactva<\/p>\n<p style=\"padding-left: 40px;\"><strong>603 929 868 &#8211; J\u00e1chym Piska\u010d<\/strong>&nbsp;&#8211; tren\u00e9r \u017eactva<\/p>\n<p style=\"padding-left: 40px;\"><strong>731 049 913 &#8211; Daniel Chalupa<\/strong> &#8211; veslov\u00e1n\u00ed pro ve\u0159ejnost<\/p>\n<p>E-mail:<br \/>\n<strong>veslovani@bohemianstj.cz<\/strong><\/p>\n<p><strong>bohemians.veslovani@gmail.com<\/strong><\/p>\n<p>Adresa:<br \/>\n<strong>Mod\u0159ansk\u00e1 1107\/51, 147 00 Praha 4-Podol\u00ed<\/strong><\/p>\n<p><iframe loading=\"lazy\" style=\"border: 0;\" src=\"https:\/\/www.google.com\/maps\/embed?pb=!1m18!1m12!1m3!1d640.5539107477127!2d14.41176332920557!3d50.04479155995607!2m3!1f0!2f0!3f0!3m2!1i1024!2i768!4f13.1!3m3!1m2!1s0x470b941686777105%3A0x7608420372267355!2sTJ+Bohemians+Praha!5e0!3m2!1sen!2scz!4v1527963861863\" width=\"550\" height=\"450\" frameborder=\"0\" allowfullscreen=\"allowfullscreen\"><\/iframe><\/p>\n<div id=\"skype_c2c_menu_container\" class=\"skype_c2c_menu_container\" style=\"display: none;\">\n<div class=\"skype_c2c_menu_click2call\"><a id=\"skype_c2c_menu_click2call_action\" class=\"skype_c2c_menu_click2call_action\"><\/a>Call<\/div>\n<div class=\"skype_c2c_menu_click2sms\"><a id=\"skype_c2c_menu_click2sms_action\" class=\"skype_c2c_menu_click2sms_action\"><\/a>Send SMS<\/div>\n<div class=\"skype_c2c_menu_add2skype\"><a id=\"skype_c2c_menu_add2skype_text\" class=\"skype_c2c_menu_add2skype_text\"><\/a>Add to Skype<\/div>\n<div class=\"skype_c2c_menu_toll_info\"><span class=\"skype_c2c_menu_toll_callcredit\">You&#8217;ll need Skype Credit<\/span><span class=\"skype_c2c_menu_toll_free\">Free via Skype<\/span><\/div>\n<\/div>\n","protected":false},"excerpt":{"rendered":"<p>Telefon na tren\u00e9ry: 603 331 769 &#8211; Petr \u0160kvor &#8211; \u0161\u00e9ftren\u00e9r (kategorie junio\u0159i a dosp\u011bl\u00ed) 728 256 546 &#8211; Kl\u00e1ra Plichtov\u00e1 &#8211; tren\u00e9rka \u017eactva&nbsp;&nbsp; &nbsp;&nbsp;&nbsp;&nbsp;&nbsp;&nbsp;&nbsp;&nbsp; 733 647 330 &#8211; Tereza \u0160kvorov\u00e1&nbsp;&#8211; tren\u00e9rka \u017eactva 776 069 928 &#8211; Jan Chl\u00e1dek &#8211; &hellip; <a href=\"https:\/\/www.vkbohemians.cz\/?page_id=92\">Cel\u00fd p\u0159\u00edsp\u011bvek <span class=\"meta-nav\">&rarr;<\/span><\/a><\/p>\n","protected":false},"author":1,"featured_media":0,"parent":0,"menu_order":10,"comment_status":"closed","ping_status":"closed","template":"sidebar-page.php","meta":{"ngg_post_thumbnail":0,"footnotes":""},"_links":{"self":[{"href":"https:\/\/www.vkbohemians.cz\/index.php?rest_route=\/wp\/v2\/pages\/92"}],"collection":[{"href":"https:\/\/www.vkbohemians.cz\/index.php?rest_route=\/wp\/v2\/pages"}],"about":[{"href":"https:\/\/www.vkbohemians.cz\/index.php?rest_route=\/wp\/v2\/types\/page"}],"author":[{"embeddable":true,"href":"https:\/\/www.vkbohemians.cz\/index.php?rest_route=\/wp\/v2\/users\/1"}],"replies":[{"embeddable":true,"href":"https:\/\/www.vkbohemians.cz\/index.php?rest_route=%2Fwp%2Fv2%2Fcomments&post=92"}],"version-history":[{"count":58,"href":"https:\/\/www.vkbohemians.cz\/index.php?rest_route=\/wp\/v2\/pages\/92\/revisions"}],"predecessor-version":[{"id":4903,"href":"https:\/\/www.vkbohemians.cz\/index.php?rest_route=\/wp\/v2\/pages\/92\/revisions\/4903"}],"wp:attachment":[{"href":"https:\/\/www.vkbohemians.cz\/index.php?rest_route=%2Fwp%2Fv2%2Fmedia&parent=92"}],"curies":[{"name":"wp","href":"https:\/\/api.w.org\/{rel}","templated":true}]}}