{"id":4525,"date":"2023-05-12T07:04:39","date_gmt":"2023-05-12T05:04:39","guid":{"rendered":"https:\/\/www.vkbohemians.cz\/?page_id=4525"},"modified":"2026-01-23T12:47:02","modified_gmt":"2026-01-23T10:47:02","slug":"zapisy-z-vyboru","status":"publish","type":"page","link":"https:\/\/www.vkbohemians.cz\/?page_id=4525","title":{"rendered":"Z\u00e1pisy z v\u00fdboru"},"content":{"rendered":"\n<div class=\"wp-block-file\"><a id=\"wp-block-file--media-232f380e-afb3-4fa0-8968-4b2c68ab30c3\" href=\"https:\/\/www.vkbohemians.cz\/wp-content\/uploads\/vybor-19.4.2023.doc\" target=\"_blank\" rel=\"noreferrer noopener\">vybor-19.4.2023<\/a><\/div>\n\n\n\n<div class=\"wp-block-file\"><a id=\"wp-block-file--media-db93e542-08ba-4a3a-bbad-06a7c1e9520d\" href=\"https:\/\/www.vkbohemians.cz\/wp-content\/uploads\/vybor-26.4.2023.doc\" target=\"_blank\" rel=\"noreferrer noopener\">vybor-26.4.2023<\/a><\/div>\n\n\n\n<div class=\"wp-block-file\"><a id=\"wp-block-file--media-9d785bf5-7b8a-406a-866e-e1716a69aa84\" href=\"https:\/\/www.vkbohemians.cz\/wp-content\/uploads\/vybor-10.5.2023.docx\" target=\"_blank\" rel=\"noreferrer noopener\">vybor-10.5.2023<\/a><\/div>\n\n\n\n<div class=\"wp-block-file\"><a id=\"wp-block-file--media-dbbfd539-b0fe-4fa2-b62b-5f1451faa1a7\" href=\"http:\/\/www.vkbohemians.cz\/wp-content\/uploads\/VK_7.6.23.docx\">v\u00fdbor -7.6.2023<\/a><\/div>\n\n\n\n<div class=\"wp-block-file\"><a id=\"wp-block-file--media-cb4269e0-57d1-4101-8d76-53e3613bf24a\" href=\"https:\/\/www.vkbohemians.cz\/wp-content\/uploads\/vybor-30.8.2023.docx\">vybor-30.8.2023<\/a><\/div>\n\n\n\n<div class=\"wp-block-file\"><a id=\"wp-block-file--media-b77a25c7-2e7a-40ae-aa7d-33066106eb17\" href=\"https:\/\/www.vkbohemians.cz\/wp-content\/uploads\/vybor-6.9.2023.docx\">vybor-6.9.2023<\/a><\/div>\n\n\n\n<div class=\"wp-block-file\"><a id=\"wp-block-file--media-70fe5f65-e123-4194-8965-defd06de04c6\" href=\"https:\/\/www.vkbohemians.cz\/wp-content\/uploads\/vybor-5.10.2023.docx\">vybor-5.10.2023<\/a><\/div>\n\n\n\n<div class=\"wp-block-file\"><a id=\"wp-block-file--media-94d906cb-cdad-4440-970b-2be9ecb56a42\" href=\"https:\/\/www.vkbohemians.cz\/wp-content\/uploads\/vybor-1.11.2023.docx\">vybor-1.11.2023<\/a><\/div>\n\n\n\n<div class=\"wp-block-file\"><a id=\"wp-block-file--media-c52577e6-4e12-48b9-9b27-874bc16d9b91\" href=\"https:\/\/www.vkbohemians.cz\/wp-content\/uploads\/vybor-22.11.2023.docx\">vybor-22.11.2023<\/a><\/div>\n\n\n\n<div class=\"wp-block-file\"><a id=\"wp-block-file--media-d885afa6-2147-4f95-87c4-ce472be0fa98\" href=\"https:\/\/www.vkbohemians.cz\/wp-content\/uploads\/vybor-03.01.2024.docx\">vybor-03.01.2024<\/a><\/div>\n\n\n\n<div class=\"wp-block-file\"><a id=\"wp-block-file--media-0ac3e275-c903-44e7-bb3f-231364c7b97f\" href=\"https:\/\/www.vkbohemians.cz\/wp-content\/uploads\/vybor-28.2.2024.docx\">vybor-28.2.2024<\/a><\/div>\n\n\n\n<div class=\"wp-block-file\"><a id=\"wp-block-file--media-ccf6075d-869c-4361-a135-1eee0e2759a4\" href=\"https:\/\/www.vkbohemians.cz\/wp-content\/uploads\/vybor-27.3.2024.doc\">vybor-27.3.2024<\/a><\/div>\n\n\n\n<div class=\"wp-block-file\"><a id=\"wp-block-file--media-67d03a7a-14dc-430a-b6a4-827cd088e2fe\" href=\"https:\/\/www.vkbohemians.cz\/wp-content\/uploads\/Vybor-16.4.2024.docx\" target=\"_blank\" rel=\"noreferrer noopener\">Vybor-16.4.2024<\/a><\/div>\n\n\n\n<div class=\"wp-block-file\"><a id=\"wp-block-file--media-827aaf84-b3f8-4cc6-81c2-bce77a535d81\" href=\"https:\/\/www.vkbohemians.cz\/wp-content\/uploads\/Vybor-02.5.2024.docx\" target=\"_blank\" rel=\"noreferrer noopener\">Vybor-02.5.2024<\/a><\/div>\n\n\n\n<div class=\"wp-block-file\"><a id=\"wp-block-file--media-3f58d046-7601-4ed2-b183-cbce7f09a2a0\" href=\"https:\/\/www.vkbohemians.cz\/wp-content\/uploads\/Vybor-19.6.2024.docx\" target=\"_blank\" rel=\"noreferrer noopener\">Vybor-19.6.2024<\/a><\/div>\n\n\n\n<div class=\"wp-block-file\"><a id=\"wp-block-file--media-8bee86ba-2511-4097-ac1e-8ae142a598ba\" href=\"https:\/\/www.vkbohemians.cz\/wp-content\/uploads\/Vybor-10.7.2024.docx\" target=\"_blank\" rel=\"noreferrer noopener\">Vybor-10.7.2024<\/a><\/div>\n\n\n\n<div class=\"wp-block-file\"><a id=\"wp-block-file--media-c24c9bb6-c9d2-468a-8b27-7c4ac94a9728\" href=\"https:\/\/www.vkbohemians.cz\/wp-content\/uploads\/Vybor-4.9.2024.docx\" target=\"_blank\" rel=\"noreferrer noopener\">Vybor-4.9.2024<\/a><\/div>\n\n\n\n<div class=\"wp-block-file\"><a id=\"wp-block-file--media-e0868469-36e8-4296-bd84-11c0c1ebe42b\" href=\"https:\/\/www.vkbohemians.cz\/wp-content\/uploads\/Vybor-4.12.2024.docx\" target=\"_blank\" rel=\"noreferrer noopener\">Vybor-4.12.2024<\/a><\/div>\n\n\n\n<div class=\"wp-block-file\"><a id=\"wp-block-file--media-d1794e86-ac9d-43c8-bb00-30bd423344ac\" href=\"https:\/\/www.vkbohemians.cz\/wp-content\/uploads\/Vybor-8.01.2025.docx\" target=\"_blank\" rel=\"noreferrer noopener\">Vybor-8.01.2025<\/a><\/div>\n\n\n\n<div class=\"wp-block-file\"><a id=\"wp-block-file--media-728f96f6-8133-4d4d-aa32-45e896ee013f\" href=\"https:\/\/www.vkbohemians.cz\/wp-content\/uploads\/Vybor-12.02.2025.docx\" target=\"_blank\" rel=\"noreferrer noopener\">Vybor-12.02.2025<\/a><\/div>\n\n\n\n<div class=\"wp-block-file\"><a id=\"wp-block-file--media-00efe673-ebb6-496c-b7ef-5903719a26dd\" href=\"https:\/\/www.vkbohemians.cz\/wp-content\/uploads\/VCS-2025-Zapis.docx\">\u010clensk\u00e1 sch\u016fze &#8211; 2025 &#8211; Z\u00e1pis<\/a><\/div>\n\n\n\n<div class=\"wp-block-file\"><a id=\"wp-block-file--media-3ae4cc75-3fc9-4d7e-af2c-f480f17c2571\" href=\"https:\/\/www.vkbohemians.cz\/wp-content\/uploads\/Vybor-5.03.2025.docx\">Vybor-5.03.2025<\/a><\/div>\n\n\n\n<div class=\"wp-block-file\"><a id=\"wp-block-file--media-9dfae92a-4eff-43c9-b608-ac02aa8727c5\" href=\"https:\/\/www.vkbohemians.cz\/wp-content\/uploads\/Vybor-23.04.2025.docx\">Vybor-23.04.2025<\/a><\/div>\n\n\n\n<div class=\"wp-block-file\"><a id=\"wp-block-file--media-820d7f43-0e8a-4691-abbb-1f9f5947823a\" href=\"https:\/\/www.vkbohemians.cz\/wp-content\/uploads\/Vybor-07.05.2025.docx\">Vybor-07.05.2025<\/a><\/div>\n\n\n\n<div class=\"wp-block-file\"><a id=\"wp-block-file--media-c10ce648-dd38-4d6b-82bb-827eb07d6cd0\" href=\"https:\/\/www.vkbohemians.cz\/wp-content\/uploads\/Vybor-04.06.2025.docx\">Vybor-04.06.2025<\/a><\/div>\n\n\n\n<div class=\"wp-block-file\"><a id=\"wp-block-file--media-3b23bdee-bdbe-4536-916e-7ae98b85f82b\" href=\"https:\/\/www.vkbohemians.cz\/wp-content\/uploads\/Vybor-02.07.2025.docx\">Vybor-02.07.2025<\/a><\/div>\n\n\n\n<div class=\"wp-block-file\"><a id=\"wp-block-file--media-fcb15fec-90ca-4cf6-bc97-3da17a929a4d\" href=\"https:\/\/www.vkbohemians.cz\/wp-content\/uploads\/Vybor-03.09.2025.docx\">Vybor-03.09.2025<\/a><\/div>\n\n\n\n<div class=\"wp-block-file\"><a id=\"wp-block-file--media-fe321848-aa31-4ba1-9aed-72b54eb784db\" href=\"https:\/\/www.vkbohemians.cz\/wp-content\/uploads\/Vybor-01.10.2025.docx\">Vybor-01.10.2025<\/a><\/div>\n\n\n\n<div class=\"wp-block-file\"><a id=\"wp-block-file--media-9faba398-fb86-4cf0-a53e-940e8a19b567\" href=\"https:\/\/www.vkbohemians.cz\/wp-content\/uploads\/Vybor-04.11.2025.docx\">Vybor-04.11.2025<\/a><\/div>\n\n\n\n<div class=\"wp-block-file\"><a id=\"wp-block-file--media-6de2d264-5c35-43ed-8651-d7603df998c1\" href=\"https:\/\/www.vkbohemians.cz\/wp-content\/uploads\/Vybor-03.12.2025.docx\">Vybor-03.12.2025<\/a><\/div>\n\n\n\n<div class=\"wp-block-file\"><a id=\"wp-block-file--media-b1f2c89a-4bda-4b55-83d8-24fcf85fde64\" href=\"https:\/\/www.vkbohemians.cz\/wp-content\/uploads\/Vybor-07.01.2026.docx\">Vybor-07.01.2026<\/a><\/div>\n","protected":false},"excerpt":{"rendered":"","protected":false},"author":1,"featured_media":0,"parent":3941,"menu_order":3,"comment_status":"closed","ping_status":"closed","template":"","meta":{"ngg_post_thumbnail":0,"footnotes":""},"_links":{"self":[{"href":"https:\/\/www.vkbohemians.cz\/index.php?rest_route=\/wp\/v2\/pages\/4525"}],"collection":[{"href":"https:\/\/www.vkbohemians.cz\/index.php?rest_route=\/wp\/v2\/pages"}],"about":[{"href":"https:\/\/www.vkbohemians.cz\/index.php?rest_route=\/wp\/v2\/types\/page"}],"author":[{"embeddable":true,"href":"https:\/\/www.vkbohemians.cz\/index.php?rest_route=\/wp\/v2\/users\/1"}],"replies":[{"embeddable":true,"href":"https:\/\/www.vkbohemians.cz\/index.php?rest_route=%2Fwp%2Fv2%2Fcomments&post=4525"}],"version-history":[{"count":14,"href":"https:\/\/www.vkbohemians.cz\/index.php?rest_route=\/wp\/v2\/pages\/4525\/revisions"}],"predecessor-version":[{"id":4900,"href":"https:\/\/www.vkbohemians.cz\/index.php?rest_route=\/wp\/v2\/pages\/4525\/revisions\/4900"}],"up":[{"embeddable":true,"href":"https:\/\/www.vkbohemians.cz\/index.php?rest_route=\/wp\/v2\/pages\/3941"}],"wp:attachment":[{"href":"https:\/\/www.vkbohemians.cz\/index.php?rest_route=%2Fwp%2Fv2%2Fmedia&parent=4525"}],"curies":[{"name":"wp","href":"https:\/\/api.w.org\/{rel}","templated":true}]}}