{"id":1161,"date":"2012-02-27T23:55:03","date_gmt":"2012-02-27T21:55:03","guid":{"rendered":"http:\/\/www.vkbohemians.cz\/?page_id=1161"},"modified":"2024-12-28T08:20:53","modified_gmt":"2024-12-28T06:20:53","slug":"verejnost","status":"publish","type":"page","link":"https:\/\/www.vkbohemians.cz\/?page_id=1161","title":{"rendered":"Ve\u0159ejnost"},"content":{"rendered":"<p>Odd\u00edl VK Bohemians nab\u00edz\u00ed mo\u017enost nau\u010dit se veslovat i \u0161irok\u00e9 ve\u0159ejnosti. P\u0159ipravili jsme pro V\u00e1s kurz obsahuj\u00edc\u00ed 10 lekc\u00ed, b\u011bhem nich\u017e byste se m\u011bli sezn\u00e1mit se z\u00e1klady tohoto sportu a posl\u00e9ze b\u00fdti schopni sami veslovat. V pr\u016fb\u011bhu kurzu si vyzkou\u0161\u00edte j\u00edzdu na nejr\u016fzn\u011bj\u0161\u00edch druz\u00edch lod\u00ed. Kurz prob\u00edh\u00e1 jak na cvi\u010dn\u00fdch lod\u00edch, tak posl\u00e9ze i na z\u00e1vodn\u00edch typech a to pro jednu i v\u00edce osob, tud\u00ed\u017e m\u016f\u017eete p\u0159i t\u011bchto kurzech veslovat spole\u010dn\u011b s Va\u0161imi p\u0159\u00e1teli.<\/p>\n<p>Kurzy jsou vedeny lektory, kte\u0159\u00ed se aktivn\u011b \u00fa\u010dastn\u00ed vesla\u0159sk\u00fdch z\u00e1vod\u016f..<\/p>\n<p>Pro bli\u017e\u0161\u00ed informace nav\u0161tivte samostatnou str\u00e1nku, zam\u011b\u0159enou na v\u00fduku veslov\u00e1n\u00ed &#8211; <a href=\"http:\/\/rowsport.cz\">rowsport.cz<\/a><\/p>\n<p>Pro dal\u0161\u00ed info m\u016f\u017eete tak\u00e9 kontaktovat lektory na e-mailov\u00e9 adrese <a href=\"mailto:amaterske.veslovani@gmail.com\"><strong>amaterske.veslovani@gmail.com<\/strong><\/a>, p\u0159\u00edpadn\u011b na tel. \u010d\u00edsle 731 049 913 (<strong>Daniel Chalupa<\/strong>)<\/p>\n<p>T\u011b\u0161\u00edme se na brzk\u00e9 shled\u00e1n\u00ed u vody!!<\/p>\n<p>&nbsp;<\/p>\n","protected":false},"excerpt":{"rendered":"<p>Odd\u00edl VK Bohemians nab\u00edz\u00ed mo\u017enost nau\u010dit se veslovat i \u0161irok\u00e9 ve\u0159ejnosti. P\u0159ipravili jsme pro V\u00e1s kurz obsahuj\u00edc\u00ed 10 lekc\u00ed, b\u011bhem nich\u017e byste se m\u011bli sezn\u00e1mit se z\u00e1klady tohoto sportu a posl\u00e9ze b\u00fdti schopni sami veslovat. V pr\u016fb\u011bhu kurzu si vyzkou\u0161\u00edte &hellip; <a href=\"https:\/\/www.vkbohemians.cz\/?page_id=1161\">Cel\u00fd p\u0159\u00edsp\u011bvek <span class=\"meta-nav\">&rarr;<\/span><\/a><\/p>\n","protected":false},"author":3,"featured_media":0,"parent":0,"menu_order":11,"comment_status":"closed","ping_status":"closed","template":"sidebar-page.php","meta":{"ngg_post_thumbnail":0,"footnotes":""},"_links":{"self":[{"href":"https:\/\/www.vkbohemians.cz\/index.php?rest_route=\/wp\/v2\/pages\/1161"}],"collection":[{"href":"https:\/\/www.vkbohemians.cz\/index.php?rest_route=\/wp\/v2\/pages"}],"about":[{"href":"https:\/\/www.vkbohemians.cz\/index.php?rest_route=\/wp\/v2\/types\/page"}],"author":[{"embeddable":true,"href":"https:\/\/www.vkbohemians.cz\/index.php?rest_route=\/wp\/v2\/users\/3"}],"replies":[{"embeddable":true,"href":"https:\/\/www.vkbohemians.cz\/index.php?rest_route=%2Fwp%2Fv2%2Fcomments&post=1161"}],"version-history":[{"count":6,"href":"https:\/\/www.vkbohemians.cz\/index.php?rest_route=\/wp\/v2\/pages\/1161\/revisions"}],"predecessor-version":[{"id":4787,"href":"https:\/\/www.vkbohemians.cz\/index.php?rest_route=\/wp\/v2\/pages\/1161\/revisions\/4787"}],"wp:attachment":[{"href":"https:\/\/www.vkbohemians.cz\/index.php?rest_route=%2Fwp%2Fv2%2Fmedia&parent=1161"}],"curies":[{"name":"wp","href":"https:\/\/api.w.org\/{rel}","templated":true}]}}